{"id":1519,"date":"2017-11-30T10:51:20","date_gmt":"2017-11-30T10:51:20","guid":{"rendered":"https:\/\/tommis.is\/home\/"},"modified":"2026-04-08T15:42:27","modified_gmt":"2026-04-08T15:42:27","slug":"home","status":"publish","type":"page","link":"https:\/\/tommis.is\/is\/","title":{"rendered":"Home"},"content":{"rendered":"<p>Vi\u00f0 erum a\u00f0 d\u00edla vi\u00f0 t\u00e6knilega \u00f6r\u00f0ugleika me\u00f0 pantanir \u00ed gegnum app-i\u00f0 og \u00e1 netinu. Netdagatilbo\u00f0i\u00f0 okkar gildir \u00fe\u00e1 \u00e1 \u00f6llum st\u00f6\u00f0unum \u00feanga\u00f0 til \u00feetta lagast. Veri\u00f0 velkomin<\/p>\n","protected":false},"excerpt":{"rendered":"<p>Vi\u00f0 erum a\u00f0 d\u00edla vi\u00f0 t\u00e6knilega \u00f6r\u00f0ugleika me\u00f0 pantanir \u00ed gegnum app-i\u00f0 og \u00e1 netinu. Netdagatilbo\u00f0i\u00f0 okkar gildir \u00fe\u00e1 \u00e1 \u00f6llum st\u00f6\u00f0unum \u00feanga\u00f0 til \u00feetta lagast. Veri\u00f0 velkomin<\/p>\n","protected":false},"author":1,"featured_media":1418,"parent":0,"menu_order":1,"comment_status":"closed","ping_status":"closed","template":"page-elements.php","meta":{"_acf_changed":false,"footnotes":""},"class_list":["post-1519","page","type-page","status-publish","has-post-thumbnail","hentry"],"acf":[],"_links":{"self":[{"href":"https:\/\/tommis.is\/is\/wp-json\/wp\/v2\/pages\/1519","targetHints":{"allow":["GET"]}}],"collection":[{"href":"https:\/\/tommis.is\/is\/wp-json\/wp\/v2\/pages"}],"about":[{"href":"https:\/\/tommis.is\/is\/wp-json\/wp\/v2\/types\/page"}],"author":[{"embeddable":true,"href":"https:\/\/tommis.is\/is\/wp-json\/wp\/v2\/users\/1"}],"replies":[{"embeddable":true,"href":"https:\/\/tommis.is\/is\/wp-json\/wp\/v2\/comments?post=1519"}],"version-history":[{"count":0,"href":"https:\/\/tommis.is\/is\/wp-json\/wp\/v2\/pages\/1519\/revisions"}],"wp:featuredmedia":[{"embeddable":true,"href":"https:\/\/tommis.is\/is\/wp-json\/wp\/v2\/media\/1418"}],"wp:attachment":[{"href":"https:\/\/tommis.is\/is\/wp-json\/wp\/v2\/media?parent=1519"}],"curies":[{"name":"wp","href":"https:\/\/api.w.org\/{rel}","templated":true}]}}